{"id":8068,"date":"2020-08-10T19:01:21","date_gmt":"2020-08-11T02:01:21","guid":{"rendered":"http:\/\/www.cerveceriaicono.com\/icono\/?post_type=product&#038;p=8068"},"modified":"2020-08-20T12:08:46","modified_gmt":"2020-08-20T19:08:46","slug":"chicali","status":"publish","type":"product","link":"https:\/\/www.cerveceriaicono.com\/icono\/product\/chicali\/","title":{"rendered":"El Chicali"},"content":{"rendered":"<p>Cerveza estilo K\u00f6lsch de apariencia dorada p\u00e1lida con aromas caracter\u00edsticos de los l\u00fapulos nobles alemanes. Ligera, limpia y refrescante en paladar, una buena opci\u00f3n para comenzar.<\/p>\n","protected":false},"excerpt":{"rendered":"<p>ABV 4,8% | IBU 60 | OG 1.104<\/p>\n<p>Cerveza estilo K\u00f6lsch de apariencia dorada p\u00e1lida con aromas caracter\u00edsticos de los l\u00fapulos nobles alemanes. Ligera, limpia y refrescante en paladar, una buena opci\u00f3n para comenzar.<\/p>\n","protected":false},"featured_media":9490,"template":"","meta":[],"product_brand":[],"product_cat":[303],"product_tag":[192,227],"class_list":{"0":"post-8068","1":"product","2":"type-product","3":"status-publish","4":"has-post-thumbnail","6":"product_cat-craft-beer","7":"product_tag-craft","8":"product_tag-wheat","11":"first","12":"instock","13":"featured","14":"shipping-taxable","15":"purchasable","16":"product-type-simple"},"_links":{"self":[{"href":"https:\/\/www.cerveceriaicono.com\/icono\/wp-json\/wp\/v2\/product\/8068","targetHints":{"allow":["GET"]}}],"collection":[{"href":"https:\/\/www.cerveceriaicono.com\/icono\/wp-json\/wp\/v2\/product"}],"about":[{"href":"https:\/\/www.cerveceriaicono.com\/icono\/wp-json\/wp\/v2\/types\/product"}],"wp:featuredmedia":[{"embeddable":true,"href":"https:\/\/www.cerveceriaicono.com\/icono\/wp-json\/wp\/v2\/media\/9490"}],"wp:attachment":[{"href":"https:\/\/www.cerveceriaicono.com\/icono\/wp-json\/wp\/v2\/media?parent=8068"}],"wp:term":[{"taxonomy":"product_brand","embeddable":true,"href":"https:\/\/www.cerveceriaicono.com\/icono\/wp-json\/wp\/v2\/product_brand?post=8068"},{"taxonomy":"product_cat","embeddable":true,"href":"https:\/\/www.cerveceriaicono.com\/icono\/wp-json\/wp\/v2\/product_cat?post=8068"},{"taxonomy":"product_tag","embeddable":true,"href":"https:\/\/www.cerveceriaicono.com\/icono\/wp-json\/wp\/v2\/product_tag?post=8068"}],"curies":[{"name":"wp","href":"https:\/\/api.w.org\/{rel}","templated":true}]}}