{"id":8071,"date":"2019-02-03T19:01:21","date_gmt":"2019-02-04T03:01:21","guid":{"rendered":"http:\/\/www.cerveceriaicono.com\/icono\/?post_type=product&#038;p=8071"},"modified":"2020-08-20T10:53:42","modified_gmt":"2020-08-20T17:53:42","slug":"compuertas","status":"publish","type":"product","link":"https:\/\/www.cerveceriaicono.com\/icono\/product\/compuertas\/","title":{"rendered":"Compuertas"},"content":{"rendered":"<p>India Pale Ale.\u00a0Elaborada con un tr\u00edo de l\u00fapulos: simcoe, citra y mosaic. Fuertes aromas resinosos y c\u00edtricos con sabores tropicales.<\/p>\n","protected":false},"excerpt":{"rendered":"<p>ABV 6,2% | IBU 60 | OG 1.104<\/p>\n<p>India Pale Ale.\u00a0Elaborada con un tr\u00edo de l\u00fapulos: simcoe, citra y mosaic. Fuertes aromas resinosos y c\u00edtricos con sabores tropicales.<\/p>\n","protected":false},"featured_media":9448,"template":"","meta":[],"product_brand":[],"product_cat":[303],"product_tag":[192,193,194,227],"class_list":{"0":"post-8071","1":"product","2":"type-product","3":"status-publish","4":"has-post-thumbnail","6":"product_cat-craft-beer","7":"product_tag-craft","8":"product_tag-flights","9":"product_tag-hop","10":"product_tag-wheat","13":"first","14":"instock","15":"shipping-taxable","16":"purchasable","17":"product-type-simple"},"_links":{"self":[{"href":"https:\/\/www.cerveceriaicono.com\/icono\/wp-json\/wp\/v2\/product\/8071","targetHints":{"allow":["GET"]}}],"collection":[{"href":"https:\/\/www.cerveceriaicono.com\/icono\/wp-json\/wp\/v2\/product"}],"about":[{"href":"https:\/\/www.cerveceriaicono.com\/icono\/wp-json\/wp\/v2\/types\/product"}],"wp:featuredmedia":[{"embeddable":true,"href":"https:\/\/www.cerveceriaicono.com\/icono\/wp-json\/wp\/v2\/media\/9448"}],"wp:attachment":[{"href":"https:\/\/www.cerveceriaicono.com\/icono\/wp-json\/wp\/v2\/media?parent=8071"}],"wp:term":[{"taxonomy":"product_brand","embeddable":true,"href":"https:\/\/www.cerveceriaicono.com\/icono\/wp-json\/wp\/v2\/product_brand?post=8071"},{"taxonomy":"product_cat","embeddable":true,"href":"https:\/\/www.cerveceriaicono.com\/icono\/wp-json\/wp\/v2\/product_cat?post=8071"},{"taxonomy":"product_tag","embeddable":true,"href":"https:\/\/www.cerveceriaicono.com\/icono\/wp-json\/wp\/v2\/product_tag?post=8071"}],"curies":[{"name":"wp","href":"https:\/\/api.w.org\/{rel}","templated":true}]}}